{"id":331,"date":"2024-02-07T19:21:49","date_gmt":"2024-02-07T19:21:49","guid":{"rendered":"https:\/\/edubolivia.org\/?page_id=331"},"modified":"2024-02-07T19:21:50","modified_gmt":"2024-02-07T19:21:50","slug":"aprendizajes","status":"publish","type":"page","link":"https:\/\/edubolivia.org\/?page_id=331","title":{"rendered":"Aprendizajes"},"content":{"rendered":"\n<ul class=\"wp-block-list\">\n<li>Fortalecimiento de la educaci\u00f3n rural, alternativa y especial, as\u00ed como del desarrollo institucional de las Obras de Iglesia mediante el apoyo a su consolidaci\u00f3n.<\/li>\n\n\n\n<li>Implementaci\u00f3n de la Estrategia Educativa entre la Iglesia y el Estado.<\/li>\n\n\n\n<li>Los encuentros nacionales de maestros, de estudiantes y padres de familia cat\u00f3licos con participaci\u00f3n masiva.<\/li>\n\n\n\n<li>Desarrollo de una cultura de calidad educativa con \u00e9nfasis en el uso de TICs, el cuidado de la madre tierra, lenguas y culturas originarias.<\/li>\n\n\n\n<li>Participaci\u00f3n de actores p\u00fablicos y privados en gesti\u00f3n educativa, bajo el enfoque de gesti\u00f3n de la calidad. Los avances principales se ven en la estructura organizativa, generando corresponsabilidad en el trabajo.<\/li>\n<\/ul>\n\n\n\n<blockquote class=\"wp-block-quote is-layout-flow wp-block-quote-is-layout-flow\">\n<p class=\"has-text-align-center\">La ecolog\u00eda se vincula a la sociedad y la econom\u00eda, esta l\u00f3gica tiene que presidir nuestro trabajo educativo, desde el que tenemos que contribuir a hacer un llamado a la \u201cconversi\u00f3n ecol\u00f3gica global\u201d<br><em>ENCUENTRO DE MAESTROS CAT\u00d3LICOS 2019 Conclusiones<\/em><\/p>\n<\/blockquote>\n","protected":false},"excerpt":{"rendered":"<p class=\"text-justify mb-2\" >La ecolog\u00eda se vincula a la sociedad y la econom\u00eda, esta l\u00f3gica tiene que presidir nuestro trabajo educativo, desde el que tenemos que contribuir a hacer un llamado a la \u201cconversi\u00f3n ecol\u00f3gica global\u201dENCUENTRO DE MAESTROS CAT\u00d3LICOS 2019 Conclusiones<\/p>\n","protected":false},"author":1,"featured_media":0,"parent":0,"menu_order":0,"comment_status":"closed","ping_status":"closed","template":"","meta":{"footnotes":""},"class_list":["post-331","page","type-page","status-publish","hentry"],"_links":{"self":[{"href":"https:\/\/edubolivia.org\/index.php?rest_route=\/wp\/v2\/pages\/331","targetHints":{"allow":["GET"]}}],"collection":[{"href":"https:\/\/edubolivia.org\/index.php?rest_route=\/wp\/v2\/pages"}],"about":[{"href":"https:\/\/edubolivia.org\/index.php?rest_route=\/wp\/v2\/types\/page"}],"author":[{"embeddable":true,"href":"https:\/\/edubolivia.org\/index.php?rest_route=\/wp\/v2\/users\/1"}],"replies":[{"embeddable":true,"href":"https:\/\/edubolivia.org\/index.php?rest_route=%2Fwp%2Fv2%2Fcomments&post=331"}],"version-history":[{"count":1,"href":"https:\/\/edubolivia.org\/index.php?rest_route=\/wp\/v2\/pages\/331\/revisions"}],"predecessor-version":[{"id":333,"href":"https:\/\/edubolivia.org\/index.php?rest_route=\/wp\/v2\/pages\/331\/revisions\/333"}],"wp:attachment":[{"href":"https:\/\/edubolivia.org\/index.php?rest_route=%2Fwp%2Fv2%2Fmedia&parent=331"}],"curies":[{"name":"wp","href":"https:\/\/api.w.org\/{rel}","templated":true}]}}