{"id":324,"date":"2024-02-07T18:48:26","date_gmt":"2024-02-07T18:48:26","guid":{"rendered":"https:\/\/edubolivia.org\/?page_id=324"},"modified":"2024-02-07T18:48:27","modified_gmt":"2024-02-07T18:48:27","slug":"que-hacemos","status":"publish","type":"page","link":"https:\/\/edubolivia.org\/?page_id=324","title":{"rendered":"\u00bfQu\u00e9 hacemos?"},"content":{"rendered":"\n<ul class=\"wp-block-list\">\n<li>Encuentros de reflexi\u00f3n, an\u00e1lisis, debate y propuesta con directores, maestros, estudiantes y padres de familia.<\/li>\n\n\n\n<li>Propuestas curriculares participativas.<\/li>\n\n\n\n<li>Apoyo al bachillerato t\u00e9cnico human\u00edstico, rescate de los saberes ancestrales, incorporaci\u00f3n de la tecnolog\u00eda digital en clases y la educaci\u00f3n en valores.<\/li>\n\n\n\n<li>Sistematizaciones de experiencias educativas.<\/li>\n\n\n\n<li>En la Educaci\u00f3n Alternativa y Especial: Fortalecimiento de la educaci\u00f3n t\u00e9cnica, tecnol\u00f3gica, emprendedora, laboral y productiva.<\/li>\n\n\n\n<li>En la Educaci\u00f3n Superior: La investigaci\u00f3n al servicio de la sociedad.<\/li>\n\n\n\n<li>Articulaci\u00f3n con niveles escolares del sistema educativo. Interacci\u00f3n social.<\/li>\n\n\n\n<li>Gesti\u00f3n Institucional: Proponer pol\u00edticas p\u00fablicas nivel nacional, regional y local.<\/li>\n\n\n\n<li>Coordinar acciones educativas con el Estado y las comunidades locales.<\/li>\n<\/ul>\n","protected":false},"excerpt":{"rendered":"","protected":false},"author":1,"featured_media":0,"parent":0,"menu_order":0,"comment_status":"closed","ping_status":"closed","template":"","meta":{"footnotes":""},"class_list":["post-324","page","type-page","status-publish","hentry"],"_links":{"self":[{"href":"https:\/\/edubolivia.org\/index.php?rest_route=\/wp\/v2\/pages\/324","targetHints":{"allow":["GET"]}}],"collection":[{"href":"https:\/\/edubolivia.org\/index.php?rest_route=\/wp\/v2\/pages"}],"about":[{"href":"https:\/\/edubolivia.org\/index.php?rest_route=\/wp\/v2\/types\/page"}],"author":[{"embeddable":true,"href":"https:\/\/edubolivia.org\/index.php?rest_route=\/wp\/v2\/users\/1"}],"replies":[{"embeddable":true,"href":"https:\/\/edubolivia.org\/index.php?rest_route=%2Fwp%2Fv2%2Fcomments&post=324"}],"version-history":[{"count":1,"href":"https:\/\/edubolivia.org\/index.php?rest_route=\/wp\/v2\/pages\/324\/revisions"}],"predecessor-version":[{"id":326,"href":"https:\/\/edubolivia.org\/index.php?rest_route=\/wp\/v2\/pages\/324\/revisions\/326"}],"wp:attachment":[{"href":"https:\/\/edubolivia.org\/index.php?rest_route=%2Fwp%2Fv2%2Fmedia&parent=324"}],"curies":[{"name":"wp","href":"https:\/\/api.w.org\/{rel}","templated":true}]}}