{"id":319,"date":"2024-02-07T18:45:17","date_gmt":"2024-02-07T18:45:17","guid":{"rendered":"https:\/\/edubolivia.org\/?page_id=319"},"modified":"2024-02-07T20:42:36","modified_gmt":"2024-02-07T20:42:36","slug":"que-proponemos","status":"publish","type":"page","link":"https:\/\/edubolivia.org\/?page_id=319","title":{"rendered":"\u00bfQu\u00e9 proponemos?"},"content":{"rendered":"\n<ul class=\"wp-block-list\">\n<li>Aportar al crecimiento de la comunidad educativa local, jurisdiccional y nacional.<\/li>\n\n\n\n<li>Fortalecer la identidad de Agentes e Instancias de Pastoral Educativa.<\/li>\n\n\n\n<li>Desarrollar espacios de Formaci\u00f3n integral con particular atenci\u00f3n a la dimensi\u00f3n trascendente y afectiva de las personas desde un contexto vital<\/li>\n\n\n\n<li>Sistematizar experiencias educativas innovadoras y significativas realizadas en las jurisdicciones y obras nacionales que contribuyan al enriquecimiento de la cultura y el desarrollo humano.<\/li>\n<\/ul>\n\n\n<div class=\"wp-block-image\">\n<figure class=\"aligncenter size-full\"><img loading=\"lazy\" decoding=\"async\" width=\"508\" height=\"477\" src=\"https:\/\/edubolivia.org\/wp-content\/uploads\/2024\/02\/Materiales.png\" alt=\"\" class=\"wp-image-345\" srcset=\"https:\/\/edubolivia.org\/wp-content\/uploads\/2024\/02\/Materiales.png 508w, https:\/\/edubolivia.org\/wp-content\/uploads\/2024\/02\/Materiales-300x282.png 300w\" sizes=\"auto, (max-width: 508px) 100vw, 508px\" \/><\/figure><\/div>\n\n\n<blockquote class=\"wp-block-quote is-layout-flow wp-block-quote-is-layout-flow\">\n<p class=\"has-text-align-center\">\u201cNo se puede ense\u00f1ar sin pasi\u00f3n. Los invito a reno-var la pasi\u00f3n por la escuela. Jam\u00e1s, jam\u00e1s cerrar una puerta, abrirlas todas de par en par, para que los estudiantes tengan esperanza\u201d<br><em>EL PENSAMIENTO EN EDUCACI\u00d3N<br>DEL PAPA FRANCISCO<\/em><\/p>\n<\/blockquote>\n","protected":false},"excerpt":{"rendered":"<p class=\"text-justify mb-2\" >\u201cNo se puede ense\u00f1ar sin pasi\u00f3n. Los invito a reno-var la pasi\u00f3n por la escuela. Jam\u00e1s, jam\u00e1s cerrar una puerta, abrirlas todas de par en par, para que los estudiantes tengan esperanza\u201dEL PENSAMIENTO EN EDUCACI\u00d3NDEL PAPA FRANCISCO<\/p>\n","protected":false},"author":1,"featured_media":0,"parent":0,"menu_order":0,"comment_status":"closed","ping_status":"closed","template":"","meta":{"footnotes":""},"class_list":["post-319","page","type-page","status-publish","hentry"],"_links":{"self":[{"href":"https:\/\/edubolivia.org\/index.php?rest_route=\/wp\/v2\/pages\/319","targetHints":{"allow":["GET"]}}],"collection":[{"href":"https:\/\/edubolivia.org\/index.php?rest_route=\/wp\/v2\/pages"}],"about":[{"href":"https:\/\/edubolivia.org\/index.php?rest_route=\/wp\/v2\/types\/page"}],"author":[{"embeddable":true,"href":"https:\/\/edubolivia.org\/index.php?rest_route=\/wp\/v2\/users\/1"}],"replies":[{"embeddable":true,"href":"https:\/\/edubolivia.org\/index.php?rest_route=%2Fwp%2Fv2%2Fcomments&post=319"}],"version-history":[{"count":3,"href":"https:\/\/edubolivia.org\/index.php?rest_route=\/wp\/v2\/pages\/319\/revisions"}],"predecessor-version":[{"id":346,"href":"https:\/\/edubolivia.org\/index.php?rest_route=\/wp\/v2\/pages\/319\/revisions\/346"}],"wp:attachment":[{"href":"https:\/\/edubolivia.org\/index.php?rest_route=%2Fwp%2Fv2%2Fmedia&parent=319"}],"curies":[{"name":"wp","href":"https:\/\/api.w.org\/{rel}","templated":true}]}}