{"id":317,"date":"2024-02-07T18:43:07","date_gmt":"2024-02-07T18:43:07","guid":{"rendered":"https:\/\/edubolivia.org\/?page_id=317"},"modified":"2024-02-07T18:43:07","modified_gmt":"2024-02-07T18:43:07","slug":"que-queremos","status":"publish","type":"page","link":"https:\/\/edubolivia.org\/?page_id=317","title":{"rendered":"\u00bfQu\u00e9 queremos?"},"content":{"rendered":"\n<p>Contribuir a mejorar la calidad de la educaci\u00f3n cat\u00f3lica y nacional, apoyando los modelos y paradigmas organizados y desarrollados por el Estado, ilumin\u00e1ndolos desde los valores evang\u00e9licos, fortaleciendo el servicio con una visi\u00f3n integral del desarrollo humano, plasmando un proyecto educativo cat\u00f3lico institucional pertinente, contextualizado e innovador, proponiendo modelos participativos de gesti\u00f3n y apostando al acompa\u00f1amiento y cualificaci\u00f3n de los educadores.<\/p>\n","protected":false},"excerpt":{"rendered":"<p class=\"text-justify mb-2\" >Contribuir a mejorar la calidad de la educaci\u00f3n cat\u00f3lica y nacional, apoyando los modelos y paradigmas organizados y desarrollados por el Estado, ilumin\u00e1ndolos desde los valores evang\u00e9licos, fortaleciendo el servicio con una visi\u00f3n integral del desarrollo humano, plasmando un proyecto educativo cat\u00f3lico institucional pertinente, contextualizado [&hellip;]<\/p>\n","protected":false},"author":1,"featured_media":0,"parent":0,"menu_order":0,"comment_status":"closed","ping_status":"closed","template":"","meta":{"footnotes":""},"class_list":["post-317","page","type-page","status-publish","hentry"],"_links":{"self":[{"href":"https:\/\/edubolivia.org\/index.php?rest_route=\/wp\/v2\/pages\/317","targetHints":{"allow":["GET"]}}],"collection":[{"href":"https:\/\/edubolivia.org\/index.php?rest_route=\/wp\/v2\/pages"}],"about":[{"href":"https:\/\/edubolivia.org\/index.php?rest_route=\/wp\/v2\/types\/page"}],"author":[{"embeddable":true,"href":"https:\/\/edubolivia.org\/index.php?rest_route=\/wp\/v2\/users\/1"}],"replies":[{"embeddable":true,"href":"https:\/\/edubolivia.org\/index.php?rest_route=%2Fwp%2Fv2%2Fcomments&post=317"}],"version-history":[{"count":1,"href":"https:\/\/edubolivia.org\/index.php?rest_route=\/wp\/v2\/pages\/317\/revisions"}],"predecessor-version":[{"id":318,"href":"https:\/\/edubolivia.org\/index.php?rest_route=\/wp\/v2\/pages\/317\/revisions\/318"}],"wp:attachment":[{"href":"https:\/\/edubolivia.org\/index.php?rest_route=%2Fwp%2Fv2%2Fmedia&parent=317"}],"curies":[{"name":"wp","href":"https:\/\/api.w.org\/{rel}","templated":true}]}}