{"id":1038,"date":"2025-12-02T20:05:29","date_gmt":"2025-12-02T20:05:29","guid":{"rendered":"https:\/\/edubolivia.org\/?page_id=1038"},"modified":"2025-12-03T20:23:51","modified_gmt":"2025-12-03T20:23:51","slug":"consejo-nacional-de-profesores-de-religion-etica-y-moral-catolica-de-bolivia-conapremc-b","status":"publish","type":"page","link":"https:\/\/edubolivia.org\/?page_id=1038","title":{"rendered":"Consejo Nacional de Profesores de Religi\u00f3n, \u00c9tica y Moral Cat\u00f3lica de Bolivia (CONAPREMC \u2013 B)"},"content":{"rendered":"\n<figure class=\"wp-block-gallery has-nested-images columns-default is-cropped wp-block-gallery-1 is-layout-flex wp-block-gallery-is-layout-flex\">\n<figure class=\"wp-block-image size-large\"><img loading=\"lazy\" decoding=\"async\" width=\"650\" height=\"1004\" data-id=\"1041\" src=\"https:\/\/edubolivia.org\/wp-content\/uploads\/2025\/12\/Credencial2025ANV-VHugo.png\" alt=\"\" class=\"wp-image-1041\" srcset=\"https:\/\/edubolivia.org\/wp-content\/uploads\/2025\/12\/Credencial2025ANV-VHugo.png 650w, https:\/\/edubolivia.org\/wp-content\/uploads\/2025\/12\/Credencial2025ANV-VHugo-194x300.png 194w\" sizes=\"auto, (max-width: 650px) 100vw, 650px\" \/><\/figure>\n\n\n\n<figure class=\"wp-block-image size-large\"><img loading=\"lazy\" decoding=\"async\" width=\"650\" height=\"1004\" data-id=\"1044\" src=\"https:\/\/edubolivia.org\/wp-content\/uploads\/2025\/12\/Credencial2025ANV-Anabel.png\" alt=\"\" class=\"wp-image-1044\" srcset=\"https:\/\/edubolivia.org\/wp-content\/uploads\/2025\/12\/Credencial2025ANV-Anabel.png 650w, https:\/\/edubolivia.org\/wp-content\/uploads\/2025\/12\/Credencial2025ANV-Anabel-194x300.png 194w\" sizes=\"auto, (max-width: 650px) 100vw, 650px\" \/><\/figure>\n\n\n\n<figure class=\"wp-block-image size-large\"><img loading=\"lazy\" decoding=\"async\" width=\"650\" height=\"1004\" data-id=\"1043\" src=\"https:\/\/edubolivia.org\/wp-content\/uploads\/2025\/12\/Credencial2025ANV-MAngel.png\" alt=\"\" class=\"wp-image-1043\" srcset=\"https:\/\/edubolivia.org\/wp-content\/uploads\/2025\/12\/Credencial2025ANV-MAngel.png 650w, https:\/\/edubolivia.org\/wp-content\/uploads\/2025\/12\/Credencial2025ANV-MAngel-194x300.png 194w\" sizes=\"auto, (max-width: 650px) 100vw, 650px\" \/><\/figure>\n\n\n\n<figure class=\"wp-block-image size-large\"><img loading=\"lazy\" decoding=\"async\" width=\"650\" height=\"1004\" data-id=\"1046\" src=\"https:\/\/edubolivia.org\/wp-content\/uploads\/2025\/12\/Credencial2025ANV-Tomasa.png\" alt=\"\" class=\"wp-image-1046\" srcset=\"https:\/\/edubolivia.org\/wp-content\/uploads\/2025\/12\/Credencial2025ANV-Tomasa.png 650w, https:\/\/edubolivia.org\/wp-content\/uploads\/2025\/12\/Credencial2025ANV-Tomasa-194x300.png 194w\" sizes=\"auto, (max-width: 650px) 100vw, 650px\" \/><\/figure>\n\n\n\n<figure class=\"wp-block-image size-large\"><img loading=\"lazy\" decoding=\"async\" width=\"650\" height=\"1004\" data-id=\"1048\" src=\"https:\/\/edubolivia.org\/wp-content\/uploads\/2025\/12\/Credencial2025ANV-Adany.png\" alt=\"\" class=\"wp-image-1048\" srcset=\"https:\/\/edubolivia.org\/wp-content\/uploads\/2025\/12\/Credencial2025ANV-Adany.png 650w, https:\/\/edubolivia.org\/wp-content\/uploads\/2025\/12\/Credencial2025ANV-Adany-194x300.png 194w\" sizes=\"auto, (max-width: 650px) 100vw, 650px\" \/><\/figure>\n\n\n\n<figure class=\"wp-block-image size-large\"><img loading=\"lazy\" decoding=\"async\" width=\"650\" height=\"1004\" data-id=\"1047\" src=\"https:\/\/edubolivia.org\/wp-content\/uploads\/2025\/12\/Credencial2025ANV-Geoconda.png\" alt=\"\" class=\"wp-image-1047\" srcset=\"https:\/\/edubolivia.org\/wp-content\/uploads\/2025\/12\/Credencial2025ANV-Geoconda.png 650w, https:\/\/edubolivia.org\/wp-content\/uploads\/2025\/12\/Credencial2025ANV-Geoconda-194x300.png 194w\" sizes=\"auto, (max-width: 650px) 100vw, 650px\" \/><\/figure>\n\n\n\n<figure class=\"wp-block-image size-large\"><img loading=\"lazy\" decoding=\"async\" width=\"650\" height=\"1004\" data-id=\"1042\" src=\"https:\/\/edubolivia.org\/wp-content\/uploads\/2025\/12\/Credencial2025ANV-Marleni.png\" alt=\"\" class=\"wp-image-1042\" srcset=\"https:\/\/edubolivia.org\/wp-content\/uploads\/2025\/12\/Credencial2025ANV-Marleni.png 650w, https:\/\/edubolivia.org\/wp-content\/uploads\/2025\/12\/Credencial2025ANV-Marleni-194x300.png 194w\" sizes=\"auto, (max-width: 650px) 100vw, 650px\" \/><\/figure>\n\n\n\n<figure class=\"wp-block-image size-large\"><img loading=\"lazy\" decoding=\"async\" width=\"650\" height=\"1004\" data-id=\"1045\" src=\"https:\/\/edubolivia.org\/wp-content\/uploads\/2025\/12\/Credencial2025ANV-Nelly.png\" alt=\"\" class=\"wp-image-1045\" srcset=\"https:\/\/edubolivia.org\/wp-content\/uploads\/2025\/12\/Credencial2025ANV-Nelly.png 650w, https:\/\/edubolivia.org\/wp-content\/uploads\/2025\/12\/Credencial2025ANV-Nelly-194x300.png 194w\" sizes=\"auto, (max-width: 650px) 100vw, 650px\" \/><\/figure>\n\n\n\n<figure class=\"wp-block-image size-large\"><img loading=\"lazy\" decoding=\"async\" width=\"650\" height=\"1004\" data-id=\"1049\" src=\"https:\/\/edubolivia.org\/wp-content\/uploads\/2025\/12\/Credencial2025ANV-Natividad.png\" alt=\"\" class=\"wp-image-1049\" srcset=\"https:\/\/edubolivia.org\/wp-content\/uploads\/2025\/12\/Credencial2025ANV-Natividad.png 650w, https:\/\/edubolivia.org\/wp-content\/uploads\/2025\/12\/Credencial2025ANV-Natividad-194x300.png 194w\" sizes=\"auto, (max-width: 650px) 100vw, 650px\" \/><\/figure>\n<\/figure>\n","protected":false},"excerpt":{"rendered":"","protected":false},"author":1,"featured_media":0,"parent":0,"menu_order":0,"comment_status":"closed","ping_status":"closed","template":"","meta":{"footnotes":""},"class_list":["post-1038","page","type-page","status-publish","hentry"],"_links":{"self":[{"href":"https:\/\/edubolivia.org\/index.php?rest_route=\/wp\/v2\/pages\/1038","targetHints":{"allow":["GET"]}}],"collection":[{"href":"https:\/\/edubolivia.org\/index.php?rest_route=\/wp\/v2\/pages"}],"about":[{"href":"https:\/\/edubolivia.org\/index.php?rest_route=\/wp\/v2\/types\/page"}],"author":[{"embeddable":true,"href":"https:\/\/edubolivia.org\/index.php?rest_route=\/wp\/v2\/users\/1"}],"replies":[{"embeddable":true,"href":"https:\/\/edubolivia.org\/index.php?rest_route=%2Fwp%2Fv2%2Fcomments&post=1038"}],"version-history":[{"count":2,"href":"https:\/\/edubolivia.org\/index.php?rest_route=\/wp\/v2\/pages\/1038\/revisions"}],"predecessor-version":[{"id":1051,"href":"https:\/\/edubolivia.org\/index.php?rest_route=\/wp\/v2\/pages\/1038\/revisions\/1051"}],"wp:attachment":[{"href":"https:\/\/edubolivia.org\/index.php?rest_route=%2Fwp%2Fv2%2Fmedia&parent=1038"}],"curies":[{"name":"wp","href":"https:\/\/api.w.org\/{rel}","templated":true}]}}